{"id":2219,"date":"2024-11-17T12:59:02","date_gmt":"2024-11-17T11:59:02","guid":{"rendered":"https:\/\/acetennispadel.be\/?page_id=2219"},"modified":"2026-01-01T19:42:31","modified_gmt":"2026-01-01T18:42:31","slug":"conditions-generales-padel","status":"publish","type":"page","link":"https:\/\/acetennispadel.be\/nl\/conditions-generales-padel\/","title":{"rendered":"Padel algemene voorwaarden"},"content":{"rendered":"<div data-elementor-type=\"wp-page\" data-elementor-id=\"2219\" class=\"elementor elementor-2219\" data-elementor-settings=\"{&quot;ha_cmc_init_switcher&quot;:&quot;no&quot;}\" data-elementor-post-type=\"page\">\n\t\t\t\t\t\t<section class=\"elementor-section elementor-top-section elementor-element elementor-element-6cbbdadc elementor-section-height-min-height elementor-section-content-middle elementor-section-boxed elementor-section-height-default elementor-section-items-middle\" data-id=\"6cbbdadc\" data-element_type=\"section\" data-e-type=\"section\" data-settings=\"{&quot;background_background&quot;:&quot;classic&quot;,&quot;_ha_eqh_enable&quot;:false}\">\n\t\t\t\t\t\t\t<div class=\"elementor-background-overlay\"><\/div>\n\t\t\t\t\t\t\t<div class=\"elementor-container elementor-column-gap-no\">\n\t\t\t\t\t<div class=\"elementor-column elementor-col-100 elementor-top-column elementor-element elementor-element-79727064\" data-id=\"79727064\" data-element_type=\"column\" data-e-type=\"column\">\n\t\t\t<div class=\"elementor-widget-wrap elementor-element-populated\">\n\t\t\t\t\t\t<div class=\"elementor-element elementor-element-7bc5c0e3 elementor-hidden-mobile elementor-widget elementor-widget-heading\" data-id=\"7bc5c0e3\" data-element_type=\"widget\" data-e-type=\"widget\" data-widget_type=\"heading.default\">\n\t\t\t\t<div class=\"elementor-widget-container\">\n\t\t\t\t\t<h1 class=\"elementor-heading-title elementor-size-default\">Padel algemene voorwaarden<\/h1>\t\t\t\t<\/div>\n\t\t\t\t<\/div>\n\t\t\t\t<div class=\"elementor-element elementor-element-5294d3d elementor-hidden-desktop elementor-widget elementor-widget-heading\" data-id=\"5294d3d\" data-element_type=\"widget\" data-e-type=\"widget\" data-widget_type=\"heading.default\">\n\t\t\t\t<div class=\"elementor-widget-container\">\n\t\t\t\t\t<h1 class=\"elementor-heading-title elementor-size-default\">Padel algemene voorwaarden<\/h1>\t\t\t\t<\/div>\n\t\t\t\t<\/div>\n\t\t\t\t\t<\/div>\n\t\t<\/div>\n\t\t\t\t\t<\/div>\n\t\t<\/section>\n\t\t\t\t<section class=\"elementor-section elementor-top-section elementor-element elementor-element-2e1d811 elementor-section-boxed elementor-section-height-default elementor-section-height-default\" data-id=\"2e1d811\" data-element_type=\"section\" data-e-type=\"section\" data-settings=\"{&quot;_ha_eqh_enable&quot;:false}\">\n\t\t\t\t\t\t<div class=\"elementor-container elementor-column-gap-default\">\n\t\t\t\t\t<div class=\"elementor-column elementor-col-100 elementor-top-column elementor-element elementor-element-164069a\" data-id=\"164069a\" data-element_type=\"column\" data-e-type=\"column\">\n\t\t\t<div class=\"elementor-widget-wrap elementor-element-populated\">\n\t\t\t\t\t\t<div class=\"elementor-element elementor-element-c82343f elementor-widget elementor-widget-html\" data-id=\"c82343f\" data-element_type=\"widget\" data-e-type=\"widget\" data-widget_type=\"html.default\">\n\t\t\t\t<div class=\"elementor-widget-container\">\n\t\t\t\t\t<div class=\"conditions-generales-section\">\n    <style>\n        .conditions-generales-section {\n            padding: 40px 20px;\n            background: linear-gradient(135deg, #f8f9fa 0%, #e9ecef 100%);\n            border-radius: 15px;\n            margin: 20px 0;\n        }\n\n        .conditions-generales-section .main-title {\n            font-size: 2rem;\n            font-weight: bold;\n            color: #2c5530;\n            margin-bottom: 30px;\n            text-align: center;\n            text-transform: uppercase;\n            letter-spacing: 1px;\n        }\n\n        .conditions-generales-section .content-container {\n            background: white;\n            border-radius: 15px;\n            box-shadow: 0 8px 25px rgba(0,0,0,0.1);\n            padding: 30px;\n            max-width: 1000px;\n            margin: 0 auto;\n        }\n\n        .conditions-generales-section .section-block {\n            margin-bottom: 35px;\n            background: #f8f9fa;\n            border-radius: 10px;\n            padding: 25px;\n            border-left: 5px solid #4a7c59;\n        }\n\n        .conditions-generales-section .section-title {\n            font-size: 1.4rem;\n            font-weight: bold;\n            color: #2c5530;\n            margin-bottom: 20px;\n            border-bottom: 2px solid #4a7c59;\n            padding-bottom: 8px;\n        }\n\n        .conditions-generales-section .subsection {\n            background: white;\n            padding: 20px;\n            margin-bottom: 15px;\n            border-radius: 8px;\n            border-left: 3px solid #4a7c59;\n        }\n\n        .conditions-generales-section .subsection-title {\n            font-size: 1.2rem;\n            font-weight: bold;\n            color: #2c5530;\n            margin-bottom: 15px;\n        }\n\n        .conditions-generales-section .content-text {\n            color: #555;\n            line-height: 1.6;\n            margin-bottom: 15px;\n        }\n\n        .conditions-generales-section .content-list {\n            padding-left: 0;\n            margin: 0;\n            list-style: none;\n        }\n\n        .conditions-generales-section .content-list li {\n            background: #f8f9fa;\n            padding: 12px 15px;\n            margin-bottom: 8px;\n            border-radius: 6px;\n            border-left: 3px solid #4a7c59;\n            line-height: 1.5;\n            color: #555;\n        }\n\n        .conditions-generales-section .content-list li::before {\n            content: \"\u2022\";\n            color: #4a7c59;\n            font-weight: bold;\n            margin-right: 8px;\n        }\n\n        .conditions-generales-section .important-notice {\n            background: linear-gradient(135deg, #fff3cd, #ffeaa7);\n            padding: 20px;\n            border-radius: 10px;\n            border: 2px solid #ffc107;\n            margin: 20px 0;\n            text-align: center;\n        }\n\n        .conditions-generales-section .important-notice-text {\n            color: #856404;\n            font-weight: bold;\n            font-size: 1.1rem;\n            line-height: 1.5;\n        }\n\n        .conditions-generales-section .bank-info {\n            background: linear-gradient(135deg, #e8f5e8, #d4edda);\n            padding: 20px;\n            border-radius: 10px;\n            border-left: 5px solid #28a745;\n            margin: 20px 0;\n        }\n\n        .conditions-generales-section .bank-info-title {\n            font-weight: bold;\n            color: #155724;\n            margin-bottom: 10px;\n            font-size: 1.1rem;\n        }\n\n        .conditions-generales-section .bank-details {\n            color: #155724;\n            font-family: monospace;\n            background: white;\n            padding: 10px;\n            border-radius: 5px;\n            margin: 5px 0;\n        }\n\n        .conditions-generales-section .email-link {\n            color: #4a7c59;\n            text-decoration: none;\n            font-weight: bold;\n            border-bottom: 2px solid transparent;\n            transition: border-bottom 0.3s ease;\n        }\n\n        .conditions-generales-section .email-link:hover {\n            border-bottom: 2px solid #4a7c59;\n            color: #2c5530;\n        }\n\n        .conditions-generales-section .warning-section {\n            background: #f8d7da;\n            padding: 20px;\n            border-radius: 10px;\n            border-left: 5px solid #dc3545;\n            margin: 20px 0;\n        }\n\n        .conditions-generales-section .warning-title {\n            font-weight: bold;\n            color: #721c24;\n            margin-bottom: 10px;\n            font-size: 1.1rem;\n        }\n\n        .conditions-generales-section .warning-text {\n            color: #721c24;\n            line-height: 1.5;\n        }\n\n        @media (max-width: 768px) {\n            .conditions-generales-section {\n                padding: 30px 15px;\n            }\n\n            .conditions-generales-section .main-title {\n                font-size: 1.6rem;\n            }\n\n            .conditions-generales-section .content-container {\n                padding: 25px;\n            }\n\n            .conditions-generales-section .section-block {\n                padding: 20px;\n            }\n\n            .conditions-generales-section .subsection {\n                padding: 15px;\n            }\n\n            .conditions-generales-section .section-title {\n                font-size: 1.2rem;\n            }\n\n            .conditions-generales-section .subsection-title {\n                font-size: 1.1rem;\n            }\n\n            .conditions-generales-section .content-list li {\n                padding: 10px 12px;\n                font-size: 0.95rem;\n            }\n        }\n    <\/style>\n\n    <h2 class=\"main-title\">Algemene voorwaarden<\/h2>\n\n    <div class=\"content-container\">\n        <!-- Section 1: Pr\u00e9sences\/Absences -->\n        <div class=\"section-block\">\n            <div class=\"section-title\">1. AANWEZIGHEID\/AFWEZIGHEID<\/div>\n            <div class=\"content-text\">\n                We verwachten dat je regelmatig naar de lessen komt.\n            <\/div>\n\n            <div class=\"subsection\">\n                <div class=\"subsection-title\">Voor cycli :<\/div>\n                <ul class=\"content-list\">\n                    <li>In het geval van afwezigheid bij een of andere sessie, zelfs met een medische verklaring, worden de sessie(s) meegeteld en niet vergoed.<\/li>\n                    <li>Je bent vrij om je te laten vervangen door iemand van jouw keuze zolang het niveau van de groep hetzelfde blijft. De vervanger (voor- en achternaam) moet per e-mail aan ons worden doorgegeven: <a href=\"mailto:carole@acetennispadel.be\" class=\"email-link\">carole@acetennispadel.be<\/a> en <a href=\"mailto:secretariat@acetennispadel.be\" class=\"email-link\">secretariat@acetennispadel.be<\/a><\/li>\n                    <li>In geval van permanente terugtrekking tijdens de cyclus, zelfs op vertoon van een medisch attest, worden de sessies meegeteld. Om in aanmerking te komen voor een terugbetaling, kan de student zich definitief laten vervangen door iemand van hetzelfde niveau, op voorwaarde dat de resterende sessies door de vervanger worden geaccepteerd en betaald.<\/li>\n                    <li>Als we een of meer cursussen moeten uitstellen, zullen we deze sessies verplaatsen naar een latere datum, meestal na de cyclus en afhankelijk van de beschikbaarheid van Sportcity. Deze data staan vast en zijn niet onderhandelbaar.<\/li>\n                <\/ul>\n                <div class=\"content-text\">\n                    De aangeboden cycli volgen het ritme van de Franse feestdagen. Sommige cursussen worden op feestdagen gegeven om uitstel te voorkomen.\n                <\/div>\n            <\/div>\n\n            <div class=\"subsection\">\n                <div class=\"subsection-title\">Cursussen of evenementen :<\/div>\n                <div class=\"content-text\">\n                    Je inschrijving voor een cursus of evenement is definitief. Afwezigheden worden niet vergoed, zelfs niet met een medisch attest. Je bent vrij om je te laten vervangen door een persoon van jouw keuze, zolang het niveau van de groep hetzelfde blijft. Wij moeten per e-mail op de hoogte worden gesteld van de vervanging (voor- en achternaam): <a href=\"mailto:carole@acetennispadel.be\" class=\"email-link\">carole@acetennispadel.be<\/a> en <a href=\"mailto:secretariat@acetennispadel.be\" class=\"email-link\">secretariat@acetennispadel.be<\/a>\n                <\/div>\n            <\/div>\n        <\/div>\n\n        <!-- Section 2: \u00c9tapes d'inscription -->\n        <div class=\"section-block\">\n            <div class=\"section-title\">2. INSCHRIJVINGSSTAPPEN<\/div>\n            \n            <div class=\"important-notice\">\n                <div class=\"important-notice-text\">\n                    Totdat je een BEVESTIGING VAN INSCHRIJVING hebt ontvangen van ons secretariaat, is je inschrijving niet definitief!\n                <\/div>\n            <\/div>\n\n            <ul class=\"content-list\">\n                <li>Je ontvangt eerst een bevestiging van je AANVRAAG.<\/li>\n                <li>We controleren handmatig beschikbaarheid, aanvragen, groepsniveau, enz.<\/li>\n                <li>Je ontvangt een betalingsverzoek. Hiermee wordt je registratie definitief bevestigd.<\/li>\n            <\/ul>\n        <\/div>\n\n        <!-- Section 3: Paiement et Politique de Remboursement -->\n        <div class=\"section-block\">\n            <div class=\"section-title\">3. BETALING EN TERUGBETALINGSBELEID<\/div>\n\n            <div class=\"subsection\">\n                <div class=\"subsection-title\">BETALING<\/div>\n                \n                <div class=\"bank-info\">\n                    <div class=\"bank-info-title\">Ace Tennis and Padel Academy rekeningnummer :<\/div>\n                    <div class=\"bank-details\">BE55 0682 3505 2144 (Belfius)<\/div>\n                    <div class=\"bank-details\">GIERZWALUW : GKCCBEBB<\/div>\n                <\/div>\n\n                <div class=\"content-text\">\n                    Wanneer je je bestelling plaatst, ontvang je een e-mail met de precieze betalingsgegevens.<br>\n                    Alleen volledige betaling na bevestiging van inschrijving door ons secretariaat zal je inschrijving definitief bevestigen.\n                <\/div>\n\n                <div class=\"subsection\">\n                    <div class=\"subsection-title\">Voor cycli van 10 sessies:<\/div>\n                    <ul class=\"content-list\">\n                        <li>Zodra we de e-mail met de betalingsgegevens ontvangen, vragen we je het volledige bedrag binnen 7 dagen te betalen (en ons een betalingsbewijs te sturen).<\/li>\n                        <li>Maak in de maand voorafgaand aan het begin van de cyclus direct het volledige bedrag over (en stuur ons een betalingsbewijs).<\/li>\n                    <\/ul>\n                <\/div>\n\n                <div class=\"subsection\">\n                    <div class=\"subsection-title\">Voor cursussen en andere evenementen:<\/div>\n                    <ul class=\"content-list\">\n                        <li>Zodra we de e-mail met de betalingsgegevens ontvangen, vragen we je het volledige bedrag binnen 7 dagen te betalen (en ons een betalingsbewijs te sturen).<\/li>\n                        <li>Maak in de maand voorafgaand aan de start van de cursus of het evenement het volledige bedrag direct over (en stuur ons een betalingsbewijs).<\/li>\n                    <\/ul>\n                    \n                    <div class=\"warning-section\">\n                        <div class=\"warning-title\">Let op:<\/div>\n                        <div class=\"warning-text\">\n                            Als niet aan de betalingsvoorwaarden wordt voldaan, zullen we je registratieverzoek verwijderen en op de agenda zetten om ruimte te maken voor andere mensen.\n                        <\/div>\n                    <\/div>\n                <\/div>\n            <\/div>\n\n            <div class=\"subsection\">\n                <div class=\"subsection-title\">TERUGBETALING<\/div>\n                \n                <div class=\"subsection\">\n                    <div class=\"subsection-title\">Voor cycli :<\/div>\n                    <ul class=\"content-list\">\n                        <li>Bij annulering 1 maand voor aanvang van de cyclus wordt 30% van het bedrag ingehouden voor administratiekosten. De reden voor de annulering doet niet ter zake, zelfs niet bij overlegging van een medisch attest.<\/li>\n                        <li>Bij terugtrekking minder dan een maand voor het begin van de cyclus wordt 50% van het bedrag ingehouden voor administratieve kosten. De reden van terugtrekking is irrelevant, zelfs als er een medische verklaring wordt overlegd.<\/li>\n                        <li>In het geval van afwezigheid bij een of andere sessie, zelfs met een medische verklaring, worden de sessie(s) meegeteld en niet vergoed.<\/li>\n                        <li>Je bent vrij om je te laten vervangen door iemand van jouw keuze zolang het niveau van de groep hetzelfde blijft. De vervanger (voor- en achternaam) moet per e-mail aan ons worden doorgegeven: <a href=\"mailto:carole@acetennispadel.be\" class=\"email-link\">carole@acetennispadel.be<\/a> en <a href=\"mailto:secretariat@acetennispadel.be\" class=\"email-link\">secretariat@acetennispadel.be<\/a><\/li>\n                        <li>In geval van permanente terugtrekking tijdens de cyclus, zelfs op vertoon van een medisch attest, worden de sessies meegeteld. Om in aanmerking te komen voor een terugbetaling, kan de student zich definitief laten vervangen door iemand van hetzelfde niveau, op voorwaarde dat de resterende sessies door de vervanger worden geaccepteerd en betaald.<\/li>\n                    <\/ul>\n                <\/div>\n\n                <div class=\"subsection\">\n                    <div class=\"subsection-title\">Voor cursussen en andere evenementen:<\/div>\n                    <ul class=\"content-list\">\n                        <li>Bij annulering 15 dagen voor aanvang van de stage of het evenement wordt 50% van het bedrag ingehouden voor administratiekosten. De reden voor de annulering doet niet ter zake, zelfs niet bij overlegging van een medisch attest.<\/li>\n                        <li>Bij annulering minder dan 15 dagen voor aanvang van de stage\/het evenement wordt het volledige bedrag in rekening gebracht. De reden voor de annulering doet niet ter zake, zelfs niet bij overlegging van een medische verklaring.<\/li>\n                        <li>Je inschrijving voor een cursus of evenement is definitief. Afwezigheden worden niet vergoed, zelfs niet met een medisch attest.<\/li>\n                        <li>Om voor terugbetaling in aanmerking te komen, kan de student permanent worden vervangen door iemand van hetzelfde niveau, op voorwaarde dat wij hiermee akkoord gaan en de student de resterende sessies betaalt.<\/li>\n                        <li>De vervanger (voor- en achternaam) moet per e-mail aan ons worden doorgegeven: <a href=\"mailto:carole@acetennispadel.be\" class=\"email-link\">carole@acetennispadel.be<\/a> en <a href=\"mailto:secretariat@acetennispadel.be\" class=\"email-link\">secretariat@acetennispadel.be<\/a><\/li>\n                    <\/ul>\n                <\/div>\n            <\/div>\n        <\/div>\n        \n        <!-- Section 4: Remarques -->\n<div class=\"section-block\">\n    <div class=\"section-title\">4. OPMERKINGEN<\/div>\n\n    <ul class=\"content-list\">\n        <li>Er staat materiaal tot uw beschikking (rackets, ballen).<\/li>\n\n        <li>\n            Sportcity kan, afhankelijk van de organisatie van evenementen of wedstrijden, het lesrooster wijzigen. Er wordt dan een definitieve datum voorgesteld, afhankelijk van de beschikbaarheid van Sportcity, om de sessie(s) in te halen.\n        <\/li>\n\n        <li>\n            De PADEL school is als enige verantwoordelijk voor het organiseren van groepen en behoudt zich het recht voor om inschrijvingen te wijzigen of te annuleren.\n        <\/li>\n    <\/ul>\n<\/div>\n\n    <\/div>\n<\/div>\t\t\t\t<\/div>\n\t\t\t\t<\/div>\n\t\t\t\t\t<\/div>\n\t\t<\/div>\n\t\t\t\t\t<\/div>\n\t\t<\/section>\n\t\t\t\t<\/div>","protected":false},"excerpt":{"rendered":"<p>Conditions g\u00e9n\u00e9rales Padel Conditions g\u00e9n\u00e9rales Padel Conditions G\u00e9n\u00e9rales 1. PR\u00c9SENCES\/ABSENCES Une r\u00e9gularit\u00e9 est souhait\u00e9e au niveau de vos participations aux cours. Pour les cycles : En cas d&rsquo;absence \u00e0 l&rsquo;une ou l&rsquo;autre s\u00e9ance, m\u00eame sur pr\u00e9sentation d&rsquo;un certificat m\u00e9dical, la ou les s\u00e9ances seront comptabilis\u00e9es et non rembours\u00e9es. Vous \u00eates libre de vous faire remplacer [&hellip;]<\/p>","protected":false},"author":1,"featured_media":0,"parent":0,"menu_order":0,"comment_status":"closed","ping_status":"closed","template":"","meta":{"site-sidebar-layout":"no-sidebar","site-content-layout":"page-builder","ast-site-content-layout":"full-width-container","site-content-style":"default","site-sidebar-style":"default","ast-global-header-display":"","ast-banner-title-visibility":"","ast-main-header-display":"","ast-hfb-above-header-display":"","ast-hfb-below-header-display":"","ast-hfb-mobile-header-display":"","site-post-title":"disabled","ast-breadcrumbs-content":"","ast-featured-img":"disabled","footer-sml-layout":"","ast-disable-related-posts":"","theme-transparent-header-meta":"","adv-header-id-meta":"","stick-header-meta":"","header-above-stick-meta":"","header-main-stick-meta":"","header-below-stick-meta":"","astra-migrate-meta-layouts":"set","ast-page-background-enabled":"default","ast-page-background-meta":{"desktop":{"background-color":"","background-image":"","background-repeat":"repeat","background-position":"center center","background-size":"auto","background-attachment":"scroll","background-type":"","background-media":"","overlay-type":"","overlay-color":"","overlay-opacity":"","overlay-gradient":""},"tablet":{"background-color":"","background-image":"","background-repeat":"repeat","background-position":"center center","background-size":"auto","background-attachment":"scroll","background-type":"","background-media":"","overlay-type":"","overlay-color":"","overlay-opacity":"","overlay-gradient":""},"mobile":{"background-color":"","background-image":"","background-repeat":"repeat","background-position":"center center","background-size":"auto","background-attachment":"scroll","background-type":"","background-media":"","overlay-type":"","overlay-color":"","overlay-opacity":"","overlay-gradient":""}},"ast-content-background-meta":{"desktop":{"background-color":"var(--ast-global-color-5)","background-image":"","background-repeat":"repeat","background-position":"center center","background-size":"auto","background-attachment":"scroll","background-type":"","background-media":"","overlay-type":"","overlay-color":"","overlay-opacity":"","overlay-gradient":""},"tablet":{"background-color":"var(--ast-global-color-5)","background-image":"","background-repeat":"repeat","background-position":"center center","background-size":"auto","background-attachment":"scroll","background-type":"","background-media":"","overlay-type":"","overlay-color":"","overlay-opacity":"","overlay-gradient":""},"mobile":{"background-color":"var(--ast-global-color-5)","background-image":"","background-repeat":"repeat","background-position":"center center","background-size":"auto","background-attachment":"scroll","background-type":"","background-media":"","overlay-type":"","overlay-color":"","overlay-opacity":"","overlay-gradient":""}},"footnotes":""},"class_list":["post-2219","page","type-page","status-publish","hentry"],"_links":{"self":[{"href":"https:\/\/acetennispadel.be\/nl\/wp-json\/wp\/v2\/pages\/2219","targetHints":{"allow":["GET"]}}],"collection":[{"href":"https:\/\/acetennispadel.be\/nl\/wp-json\/wp\/v2\/pages"}],"about":[{"href":"https:\/\/acetennispadel.be\/nl\/wp-json\/wp\/v2\/types\/page"}],"author":[{"embeddable":true,"href":"https:\/\/acetennispadel.be\/nl\/wp-json\/wp\/v2\/users\/1"}],"replies":[{"embeddable":true,"href":"https:\/\/acetennispadel.be\/nl\/wp-json\/wp\/v2\/comments?post=2219"}],"version-history":[{"count":12,"href":"https:\/\/acetennispadel.be\/nl\/wp-json\/wp\/v2\/pages\/2219\/revisions"}],"predecessor-version":[{"id":2756,"href":"https:\/\/acetennispadel.be\/nl\/wp-json\/wp\/v2\/pages\/2219\/revisions\/2756"}],"wp:attachment":[{"href":"https:\/\/acetennispadel.be\/nl\/wp-json\/wp\/v2\/media?parent=2219"}],"curies":[{"name":"wp","href":"https:\/\/api.w.org\/{rel}","templated":true}]}}