{"id":1450,"date":"2024-09-03T20:00:58","date_gmt":"2024-09-03T20:00:58","guid":{"rendered":"https:\/\/acetennispadel.be\/?page_id=1450"},"modified":"2025-12-30T23:46:33","modified_gmt":"2025-12-30T22:46:33","slug":"cours-particuliers-sportcity","status":"publish","type":"page","link":"https:\/\/acetennispadel.be\/en\/cours-particuliers-sportcity\/","title":{"rendered":"Sportcity Private Lessons"},"content":{"rendered":"<div data-elementor-type=\"wp-page\" data-elementor-id=\"1450\" class=\"elementor elementor-1450\" data-elementor-settings=\"{&quot;ha_cmc_init_switcher&quot;:&quot;no&quot;}\" data-elementor-post-type=\"page\">\n\t\t\t\t\t\t<section class=\"elementor-section elementor-top-section elementor-element elementor-element-65a34b0 elementor-section-height-min-height elementor-section-content-middle elementor-section-boxed elementor-section-height-default elementor-section-items-middle\" data-id=\"65a34b0\" data-element_type=\"section\" data-e-type=\"section\" data-settings=\"{&quot;background_background&quot;:&quot;classic&quot;,&quot;_ha_eqh_enable&quot;:false}\">\n\t\t\t\t\t\t\t<div class=\"elementor-background-overlay\"><\/div>\n\t\t\t\t\t\t\t<div class=\"elementor-container elementor-column-gap-no\">\n\t\t\t\t\t<div class=\"elementor-column elementor-col-100 elementor-top-column elementor-element elementor-element-7d84722f\" data-id=\"7d84722f\" data-element_type=\"column\" data-e-type=\"column\">\n\t\t\t<div class=\"elementor-widget-wrap elementor-element-populated\">\n\t\t\t\t\t\t<div class=\"elementor-element elementor-element-7b4ab308 elementor-widget elementor-widget-spacer\" data-id=\"7b4ab308\" data-element_type=\"widget\" data-e-type=\"widget\" data-widget_type=\"spacer.default\">\n\t\t\t\t<div class=\"elementor-widget-container\">\n\t\t\t\t\t\t\t<div class=\"elementor-spacer\">\n\t\t\t<div class=\"elementor-spacer-inner\"><\/div>\n\t\t<\/div>\n\t\t\t\t\t\t<\/div>\n\t\t\t\t<\/div>\n\t\t\t\t<div class=\"elementor-element elementor-element-6f298f21 elementor-widget elementor-widget-heading\" data-id=\"6f298f21\" data-element_type=\"widget\" data-e-type=\"widget\" data-widget_type=\"heading.default\">\n\t\t\t\t<div class=\"elementor-widget-container\">\n\t\t\t\t\t<h4 class=\"elementor-heading-title elementor-size-default\">One-to-one or 2-to-one lessons\n<\/h4>\t\t\t\t<\/div>\n\t\t\t\t<\/div>\n\t\t\t\t<div class=\"elementor-element elementor-element-2b9355f3 elementor-widget elementor-widget-spacer\" data-id=\"2b9355f3\" data-element_type=\"widget\" data-e-type=\"widget\" data-widget_type=\"spacer.default\">\n\t\t\t\t<div class=\"elementor-widget-container\">\n\t\t\t\t\t\t\t<div class=\"elementor-spacer\">\n\t\t\t<div class=\"elementor-spacer-inner\"><\/div>\n\t\t<\/div>\n\t\t\t\t\t\t<\/div>\n\t\t\t\t<\/div>\n\t\t\t\t<div class=\"elementor-element elementor-element-34296f44 elementor-align-center elementor-widget elementor-widget-button\" data-id=\"34296f44\" data-element_type=\"widget\" data-e-type=\"widget\" data-widget_type=\"button.default\">\n\t\t\t\t<div class=\"elementor-widget-container\">\n\t\t\t\t\t\t\t\t\t<div class=\"elementor-button-wrapper\">\n\t\t\t\t\t<a class=\"elementor-button elementor-button-link elementor-size-sm\" href=\"https:\/\/www.iclub.be\/register.asp?ClubID=120&#038;action=Search&#038;CategorieEvenement=Stages&#038;LG=FR\">\n\t\t\t\t\t\t<span class=\"elementor-button-content-wrapper\">\n\t\t\t\t\t\t\t\t\t<span class=\"elementor-button-text\">Registrations<\/span>\n\t\t\t\t\t<\/span>\n\t\t\t\t\t<\/a>\n\t\t\t\t<\/div>\n\t\t\t\t\t\t\t\t<\/div>\n\t\t\t\t<\/div>\n\t\t\t\t<div class=\"elementor-element elementor-element-185b89c5 elementor-widget elementor-widget-spacer\" data-id=\"185b89c5\" data-element_type=\"widget\" data-e-type=\"widget\" data-widget_type=\"spacer.default\">\n\t\t\t\t<div class=\"elementor-widget-container\">\n\t\t\t\t\t\t\t<div class=\"elementor-spacer\">\n\t\t\t<div class=\"elementor-spacer-inner\"><\/div>\n\t\t<\/div>\n\t\t\t\t\t\t<\/div>\n\t\t\t\t<\/div>\n\t\t\t\t\t<\/div>\n\t\t<\/div>\n\t\t\t\t\t<\/div>\n\t\t<\/section>\n\t\t\t\t<section class=\"elementor-section elementor-top-section elementor-element elementor-element-fede0f5 elementor-section-height-min-height elementor-section-content-middle elementor-section-boxed elementor-section-height-default elementor-section-items-middle\" data-id=\"fede0f5\" data-element_type=\"section\" data-e-type=\"section\" data-settings=\"{&quot;background_background&quot;:&quot;classic&quot;,&quot;_ha_eqh_enable&quot;:false}\">\n\t\t\t\t\t\t\t<div class=\"elementor-background-overlay\"><\/div>\n\t\t\t\t\t\t\t<div class=\"elementor-container elementor-column-gap-default\">\n\t\t\t\t\t<div class=\"elementor-column elementor-col-100 elementor-top-column elementor-element elementor-element-465e5d56\" data-id=\"465e5d56\" data-element_type=\"column\" data-e-type=\"column\">\n\t\t\t<div class=\"elementor-widget-wrap elementor-element-populated\">\n\t\t\t\t\t\t<div class=\"elementor-element elementor-element-eefee00 elementor-widget elementor-widget-heading\" data-id=\"eefee00\" data-element_type=\"widget\" data-e-type=\"widget\" data-widget_type=\"heading.default\">\n\t\t\t\t<div class=\"elementor-widget-container\">\n\t\t\t\t\t<h2 class=\"elementor-heading-title elementor-size-default\">\nObjectives\n<\/h2>\t\t\t\t<\/div>\n\t\t\t\t<\/div>\n\t\t\t\t<div class=\"elementor-element elementor-element-56cd4067 elementor-widget elementor-widget-heading\" data-id=\"56cd4067\" data-element_type=\"widget\" data-e-type=\"widget\" data-widget_type=\"heading.default\">\n\t\t\t\t<div class=\"elementor-widget-container\">\n\t\t\t\t\t<h2 class=\"elementor-heading-title elementor-size-default\">A one-to-one or two-to-one tennis lesson gives you the benefit of personalised attention from your coach, which speeds up the learning of techniques and improves performance. This type of course also offers the flexibility to adapt sessions to the specific needs of participants, whether to perfect specific technical aspects or to work on game strategy.<\/h2>\t\t\t\t<\/div>\n\t\t\t\t<\/div>\n\t\t\t\t\t<\/div>\n\t\t<\/div>\n\t\t\t\t\t<\/div>\n\t\t<\/section>\n\t\t\t\t<section class=\"elementor-section elementor-top-section elementor-element elementor-element-536017b elementor-section-full_width elementor-section-height-default elementor-section-height-default\" data-id=\"536017b\" data-element_type=\"section\" data-e-type=\"section\" data-settings=\"{&quot;_ha_eqh_enable&quot;:false}\">\n\t\t\t\t\t\t<div class=\"elementor-container elementor-column-gap-default\">\n\t\t\t\t\t<div class=\"elementor-column elementor-col-100 elementor-top-column elementor-element elementor-element-4be1914\" data-id=\"4be1914\" data-element_type=\"column\" data-e-type=\"column\">\n\t\t\t<div class=\"elementor-widget-wrap elementor-element-populated\">\n\t\t\t\t\t\t<div class=\"elementor-element elementor-element-72579d5 elementor-widget elementor-widget-text-editor\" data-id=\"72579d5\" data-element_type=\"widget\" data-e-type=\"widget\" data-widget_type=\"text-editor.default\">\n\t\t\t\t<div class=\"elementor-widget-container\">\n\t\t\t\t\t\t\t\t\t<div class=\"lecons-individuelles-section\">\n    <style>\n        .lecons-individuelles-section {\n            padding: 40px 20px;\n            text-align: center;\n            background: linear-gradient(135deg, #f8f9fa 0%, #e9ecef 100%);\n            border-radius: 15px;\n            margin: 20px 0;\n        }\n        .lecons-individuelles-section .section-title {\n            font-size: 2.5rem;\n            font-weight: bold;\n            color: #2c5530;\n            margin-bottom: 30px;\n            text-transform: uppercase;\n            letter-spacing: 2px;\n            text-shadow: 2px 2px 4px rgba(0,0,0,0.1);\n        }\n        .lecons-individuelles-section .hero-image {\n            width: 100%;\n            max-width: 600px;\n            height: auto;\n            border-radius: 15px;\n            margin-bottom: 30px;\n            box-shadow: 0 10px 30px rgba(0,0,0,0.15);\n            transition: transform 0.3s ease;\n        }\n        .lecons-individuelles-section .hero-image:hover { transform: translateY(-5px); }\n        .lecons-individuelles-section .main-title {\n            font-size: 1.6rem;\n            font-weight: bold;\n            color: #2c5530;\n            margin: 0 0 20px 0;\n            line-height: 1.3;\n        }\n        .lecons-individuelles-section .info-card {\n            background: white;\n            border-radius: 15px;\n            padding: 30px;\n            margin: 30px auto;\n            max-width: 800px;\n            box-shadow: 0 8px 25px rgba(0,0,0,0.1);\n            border-left: 5px solid #4a7c59;\n        }\n        .lecons-individuelles-section .info-item { margin-bottom: 20px; text-align: left; }\n        .lecons-individuelles-section .info-item:last-child { margin-bottom: 0; }\n        .lecons-individuelles-section .info-label {\n            font-weight: bold; color: #2c5530; font-size: 1.1rem; margin-bottom: 5px; display: block;\n        }\n        .lecons-individuelles-section .info-value { color: #555; font-size: 1rem; line-height: 1.5; }\n        .lecons-individuelles-section .prix-container {\n            background: linear-gradient(135deg, #e8f5e8, #d4edda);\n            padding: 20px; border-radius: 10px; margin-top: 15px; border: 2px solid #4a7c59;\n        }\n        .lecons-individuelles-section .prix-section { margin-bottom: 15px; }\n        .lecons-individuelles-section .prix-section:last-child { margin-bottom: 0; }\n        .lecons-individuelles-section .prix-title {\n            color: #2c5530; font-weight: bold; font-size: 1.1rem; margin-bottom: 8px;\n        }\n        .lecons-individuelles-section .prix-details {\n            color: #2c5530; font-weight: bold; font-size: 1rem; line-height: 1.5;\n        }\n        .lecons-individuelles-section .prix-special {\n            background: #fff3cd; padding: 15px; border-radius: 8px; margin-top: 15px; border-left: 4px solid #ffc107;\n        }\n        .lecons-individuelles-section .prix-special-text { color: #856404; font-weight: bold; font-size: 1rem; }\n        .lecons-individuelles-section .cta-section { margin-top: 40px; }\n        .lecons-individuelles-section .cta-button {\n            display: inline-block; background: linear-gradient(135deg, #4a7c59 0%, #2c5530 100%); color: white !important;\n            padding: 15px 40px; text-decoration: none; border-radius: 50px; font-size: 1.2rem; font-weight: bold;\n            transition: all 0.3s ease; box-shadow: 0 5px 20px rgba(76,124,89,0.3); text-transform: uppercase; letter-spacing: 1px;\n        }\n        .lecons-individuelles-section .cta-button:hover {\n            transform: translateY(-3px); box-shadow: 0 8px 25px rgba(76,124,89,0.4); text-decoration: none; color: white !important;\n        }\n        @media (max-width: 768px) {\n            .lecons-individuelles-section { padding: 30px 15px; }\n            .lecons-individuelles-section .section-title { font-size: 2rem; letter-spacing: 1px; }\n            .lecons-individuelles-section .main-title { font-size: 1.4rem; }\n            .lecons-individuelles-section .info-card { padding: 25px; }\n            .lecons-individuelles-section .cta-button { font-size: 1.1rem; padding: 12px 30px; }\n        }\n    <\/style>\n\n    <h1 class=\"section-title\">Individual lessons or lessons for a maximum of 2 people<\/h1>\n    <img decoding=\"async\" class=\"hero-image\" src=\"https:\/\/acetennispadel.be\/wp-content\/uploads\/2024\/09\/cours-particuliers-sportcity.png\" alt=\"Le\u00e7ons individuelles\" \/>\n    <h2 class=\"main-title\">2-person classes\/private lessons by appointment. Schedule to be agreed.<\/h2>\n\n    <div class=\"info-card\">\n        <div class=\"info-item\">\n            <div class=\"prix-container\">\n                <div class=\"prix-section\">\n                    <div class=\"prix-title\">Annual packages :<\/div>\n                    <div class=\"prix-details\">\n                        <strong>Winter:<\/strong> 1800\u20ac - <strong>Spring:<\/strong> 675\u20ac - <strong>Combined:<\/strong> 2350\u20ac\n                    <\/div>\n                <\/div>\n                <div class=\"prix-special\">\n                    <div class=\"prix-special-text\">\n                        <strong>A la carte booking :<\/strong><br>\n                        - 1 session before 5pm: \u20ac60<br>\n                        - 1 session after 5pm and on weekends: \u20ac72\n                    <\/div>\n                <\/div>\n            <\/div>\n        <\/div>\n    <\/div>\n\n    <div class=\"cta-section\">\n        <a class=\"cta-button\" href=\"https:\/\/www.iclub.be\/register.asp?ClubID=120&#038;action=Search&#038;CategorieEvenement=Cours&#038;LG=FR\">Registrations<\/a>\n    <\/div>\n<\/div>\t\t\t\t\t\t\t\t<\/div>\n\t\t\t\t<\/div>\n\t\t\t\t\t<\/div>\n\t\t<\/div>\n\t\t\t\t\t<\/div>\n\t\t<\/section>\n\t\t\t\t<section class=\"elementor-section elementor-top-section elementor-element elementor-element-772009dd elementor-section-boxed elementor-section-height-default elementor-section-height-default\" data-id=\"772009dd\" data-element_type=\"section\" data-e-type=\"section\" data-settings=\"{&quot;_ha_eqh_enable&quot;:false}\">\n\t\t\t\t\t\t<div class=\"elementor-container elementor-column-gap-default\">\n\t\t\t\t\t<div class=\"elementor-column elementor-col-100 elementor-top-column elementor-element elementor-element-6bdb025a\" data-id=\"6bdb025a\" data-element_type=\"column\" data-e-type=\"column\">\n\t\t\t<div class=\"elementor-widget-wrap elementor-element-populated\">\n\t\t\t\t\t\t<div class=\"elementor-element elementor-element-23888896 elementor-widget elementor-widget-text-editor\" data-id=\"23888896\" data-element_type=\"widget\" data-e-type=\"widget\" data-widget_type=\"text-editor.default\">\n\t\t\t\t<div class=\"elementor-widget-container\">\n\t\t\t\t\t\t\t\t\t<div class=\"dates-cycles-section\">\n    <style>\n        .dates-cycles-section {\n            padding: 40px 20px;\n            text-align: center;\n            background: linear-gradient(135deg, #f8f9fa 0%, #e9ecef 100%);\n            border-radius: 15px;\n            margin: 20px 0;\n        }\n\n        .dates-cycles-section .main-title {\n            font-size: 2rem;\n            font-weight: bold;\n            color: #2c5530;\n            margin-bottom: 30px;\n            line-height: 1.3;\n        }\n\n        .dates-cycles-section .cycles-container {\n            max-width: 800px;\n            margin: 0 auto;\n            display: grid;\n            gap: 20px;\n        }\n\n        .dates-cycles-section .cycle-card {\n            background: white;\n            padding: 25px;\n            border-radius: 12px;\n            box-shadow: 0 5px 20px rgba(0,0,0,0.1);\n            border-left: 5px solid #4a7c59;\n            transition: transform 0.3s ease, box-shadow 0.3s ease;\n        }\n\n        .dates-cycles-section .cycle-card:hover {\n            transform: translateY(-3px);\n            box-shadow: 0 8px 25px rgba(0,0,0,0.15);\n        }\n\n        .dates-cycles-section .cycle-title {\n            font-size: 1.3rem;\n            font-weight: bold;\n            color: #2c5530;\n            margin-bottom: 10px;\n        }\n\n        .dates-cycles-section .cycle-dates {\n            font-size: 1.1rem;\n            color: #555;\n            line-height: 1.5;\n        }\n\n        .dates-cycles-section .cycle-card.hiver {\n            border-left-color: #3498db;\n        }\n\n        .dates-cycles-section .cycle-card.printemps {\n            border-left-color: #2ecc71;\n        }\n\n        .dates-cycles-section .cycle-card.combine {\n            border-left-color: #e74c3c;\n        }\n\n        .dates-cycles-section .cycle-card.hiver .cycle-title {\n            color: #2980b9;\n        }\n\n        .dates-cycles-section .cycle-card.printemps .cycle-title {\n            color: #27ae60;\n        }\n\n        .dates-cycles-section .cycle-card.combine .cycle-title {\n            color: #c0392b;\n        }\n\n        @media (max-width: 768px) {\n            .dates-cycles-section {\n                padding: 30px 15px;\n            }\n\n            .dates-cycles-section .main-title {\n                font-size: 1.6rem;\n            }\n\n            .dates-cycles-section .cycle-card {\n                padding: 20px;\n            }\n\n            .dates-cycles-section .cycle-title {\n                font-size: 1.2rem;\n            }\n\n            .dates-cycles-section .cycle-dates {\n                font-size: 1rem;\n            }\n        }\n    <\/style>\n\n    <h2 class=\"main-title\">Dates Course cycle<\/h2>\n\n    <div class=\"cycles-container\">\n        <div class=\"cycle-card hiver\">\n            <div class=\"cycle-title\">Winter cycle 2025\/2026 :<\/div>\n            <div class=\"cycle-dates\">From Monday 15 September 2025 to Sunday 12 April 2026<\/div>\n        <\/div>\n\n        <div class=\"cycle-card printemps\">\n            <div class=\"cycle-title\">Spring cycle 2025\/2026 :<\/div>\n            <div class=\"cycle-dates\">From Monday 13 April 2026 to Sunday 28 June 2026<\/div>\n        <\/div>\n\n        <div class=\"cycle-card combine\">\n            <div class=\"cycle-title\">Combined cycle 2025\/2026 :<\/div>\n            <div class=\"cycle-dates\">From Monday 15 September 2025 to Sunday 28 June 2026<\/div>\n        <\/div>\n    <\/div>\n<\/div>\t\t\t\t\t\t\t\t<\/div>\n\t\t\t\t<\/div>\n\t\t\t\t\t<\/div>\n\t\t<\/div>\n\t\t\t\t\t<\/div>\n\t\t<\/section>\n\t\t\t\t<\/div>","protected":false},"excerpt":{"rendered":"<p>Cours particulier ou \u00e0 2 Inscriptions Objectifs Un cours particulier ou en duo de tennis permet de b\u00e9n\u00e9ficier d\u2019une attention personnalis\u00e9e de la part de l\u2019entra\u00eeneur, ce qui acc\u00e9l\u00e8re l\u2019apprentissage des techniques et am\u00e9liore les performances. Ce type de cours offre \u00e9galement la flexibilit\u00e9 d\u2019adapter les s\u00e9ances aux besoins sp\u00e9cifiques des participants, que ce soit [&hellip;]<\/p>","protected":false},"author":1,"featured_media":0,"parent":0,"menu_order":0,"comment_status":"closed","ping_status":"closed","template":"","meta":{"site-sidebar-layout":"no-sidebar","site-content-layout":"page-builder","ast-site-content-layout":"full-width-container","site-content-style":"default","site-sidebar-style":"default","ast-global-header-display":"","ast-banner-title-visibility":"","ast-main-header-display":"","ast-hfb-above-header-display":"","ast-hfb-below-header-display":"","ast-hfb-mobile-header-display":"","site-post-title":"disabled","ast-breadcrumbs-content":"","ast-featured-img":"disabled","footer-sml-layout":"","ast-disable-related-posts":"","theme-transparent-header-meta":"","adv-header-id-meta":"","stick-header-meta":"","header-above-stick-meta":"","header-main-stick-meta":"","header-below-stick-meta":"","astra-migrate-meta-layouts":"set","ast-page-background-enabled":"default","ast-page-background-meta":{"desktop":{"background-color":"","background-image":"","background-repeat":"repeat","background-position":"center center","background-size":"auto","background-attachment":"scroll","background-type":"","background-media":"","overlay-type":"","overlay-color":"","overlay-opacity":"","overlay-gradient":""},"tablet":{"background-color":"","background-image":"","background-repeat":"repeat","background-position":"center center","background-size":"auto","background-attachment":"scroll","background-type":"","background-media":"","overlay-type":"","overlay-color":"","overlay-opacity":"","overlay-gradient":""},"mobile":{"background-color":"","background-image":"","background-repeat":"repeat","background-position":"center center","background-size":"auto","background-attachment":"scroll","background-type":"","background-media":"","overlay-type":"","overlay-color":"","overlay-opacity":"","overlay-gradient":""}},"ast-content-background-meta":{"desktop":{"background-color":"var(--ast-global-color-5)","background-image":"","background-repeat":"repeat","background-position":"center center","background-size":"auto","background-attachment":"scroll","background-type":"","background-media":"","overlay-type":"","overlay-color":"","overlay-opacity":"","overlay-gradient":""},"tablet":{"background-color":"var(--ast-global-color-5)","background-image":"","background-repeat":"repeat","background-position":"center center","background-size":"auto","background-attachment":"scroll","background-type":"","background-media":"","overlay-type":"","overlay-color":"","overlay-opacity":"","overlay-gradient":""},"mobile":{"background-color":"var(--ast-global-color-5)","background-image":"","background-repeat":"repeat","background-position":"center center","background-size":"auto","background-attachment":"scroll","background-type":"","background-media":"","overlay-type":"","overlay-color":"","overlay-opacity":"","overlay-gradient":""}},"footnotes":""},"class_list":["post-1450","page","type-page","status-publish","hentry"],"_links":{"self":[{"href":"https:\/\/acetennispadel.be\/en\/wp-json\/wp\/v2\/pages\/1450","targetHints":{"allow":["GET"]}}],"collection":[{"href":"https:\/\/acetennispadel.be\/en\/wp-json\/wp\/v2\/pages"}],"about":[{"href":"https:\/\/acetennispadel.be\/en\/wp-json\/wp\/v2\/types\/page"}],"author":[{"embeddable":true,"href":"https:\/\/acetennispadel.be\/en\/wp-json\/wp\/v2\/users\/1"}],"replies":[{"embeddable":true,"href":"https:\/\/acetennispadel.be\/en\/wp-json\/wp\/v2\/comments?post=1450"}],"version-history":[{"count":22,"href":"https:\/\/acetennispadel.be\/en\/wp-json\/wp\/v2\/pages\/1450\/revisions"}],"predecessor-version":[{"id":2734,"href":"https:\/\/acetennispadel.be\/en\/wp-json\/wp\/v2\/pages\/1450\/revisions\/2734"}],"wp:attachment":[{"href":"https:\/\/acetennispadel.be\/en\/wp-json\/wp\/v2\/media?parent=1450"}],"curies":[{"name":"wp","href":"https:\/\/api.w.org\/{rel}","templated":true}]}}